{"id":2,"date":"2025-04-07T21:03:42","date_gmt":"2025-04-07T21:03:42","guid":{"rendered":"http:\/\/www.kallavedenfysioterapia.fi\/?page_id=2"},"modified":"2025-05-27T19:23:47","modified_gmt":"2025-05-27T19:23:47","slug":"kallaveden-fysioterapia","status":"publish","type":"page","link":"http:\/\/www.kallavedenfysioterapia.fi\/","title":{"rendered":"Kallaveden Fysioterapia"},"content":{"rendered":"\t\t<div data-elementor-type=\"wp-page\" data-elementor-id=\"2\" class=\"elementor elementor-2\">\n\t\t\t\t<div class=\"elementor-element elementor-element-9986e57 e-flex e-con-boxed e-con e-parent\" data-id=\"9986e57\" data-element_type=\"container\" data-e-type=\"container\">\n\t\t\t\t\t<div class=\"e-con-inner\">\n\t\t\t\t<div class=\"elementor-element elementor-element-652c589 elementor-widget elementor-widget-slider\" data-id=\"652c589\" data-element_type=\"widget\" data-e-type=\"widget\" data-widget_type=\"slider.default\">\n\t\t\t\t<div class=\"elementor-widget-container\">\n\t\t\t\t\t\r\n        \r\n            <section class=\"dreamit-slick-slider\">\r\n                <div class=\"default-slider slick\">\r\n                   \r\n                        \r\n\t\t\t\t\t\t<div class=\"single-slick three align-items-center d-flex text-left\">\r\n                            <div class=\"container\">\r\n                                <div class=\"slide-img parallax-effect\"\r\n                                    style=\"background:url(http:\/\/www.kallavedenfysioterapia.fi\/wp-content\/uploads\/2025\/05\/www3-e1747814529900.jpg) center center \/ cover scroll no-repeat;\">\r\n                                <\/div>\r\n                                <div class=\"white-color\">\r\n\t\t\t\t\t\t\t\t<div class=\"hero-text-wrap\">\r\n                                    <div class=\"hero-text\">\r\n\t\t\t\t\t\t\t\t\t\t\t\t\t\t\t\t\t\t\t\t <h1 class=\"font-600\"> Kallaveden <br>Fysioterapia <\/h1>                                       <!--   <div class=\"lines pt-20 pb-40\">\r\n                                            <div class=\"line\"><\/div>\r\n                                        <\/div> -->\r\n                                        <div class=\"slick_content\">\r\n\t\t\t\t\t\t\t\t\t\t<p>Koulutettu ja kokenut fysioterapeutti Mika Jaakkola palveluksessanne!<\/p>\r\n\t\t\t\t\t\t\t\t\t\t<div class=\"slider-buttons\">\r\n\t\t\t\t\t\t\t\t\t\t\t\r\n\t\t\t\t\t\t\t\t\t\t\t\t\t\t\t\t\t\t\t\t\t<\/div>\r\n\t\t\t\t\t\t\t\t\t\t<\/div>\r\n                                    <\/div>\r\n                                <\/div>\r\n\t\t\t\t\t\t\t\t\r\n               <!--                  <div class=\"slider-single-image\">\r\n                                \t<img decoding=\"async\" src=\"\" alt=\"workport\">\r\n\t\t\t\t\t\t\t\t\t\t\t\t\t\t\t\t\t\t<div class=\"slider-video-icon\">\r\n\t\t\t\t\t\t\t\t\t\t<a href=\"#\" class=\"video-vemo-icon venobox vbox-item\" data-vbtype=\"youtube\" data-autoplay=\"true\">\r\n\t\t\t\t\t\t\t\t\t\t\t\t\t\t\t\t\t\t\t\t\t<\/a>\r\n\t\t\t\t\t\t\t\t\t<\/div>\r\n\t\t\t\t\t\t\t\t\t                                <\/div> -->\r\n\t\t\t\t\t\t\t\t<\/div>\r\n\t\t\t\t\t\t\t<\/div><!-- .container -->\r\n\r\n                        \r\n                        <!--<div class=\"slider_shape2\">-->\r\n                        <!--    <img decoding=\"async\" src=\"http:\/\/www.kallavedenfysioterapia.fi\/wp-content\/themes\/workport\/assets\/image\/sp2.png\" alt=\"workport\">-->\r\n                        <!--    <div class=\"slider_shape3 rotateme\">-->\r\n                        <!--        <img decoding=\"async\" src=\"http:\/\/www.kallavedenfysioterapia.fi\/wp-content\/themes\/workport\/assets\/image\/circle.png\" alt=\"workport\">-->\r\n                        <!--    <\/div>-->\r\n                        <!--<\/div>-->\r\n                        \r\n\t\t\t\t\t\t<\/div><!-- .single-slick -->\r\n\r\n                                                \r\n                        \r\n\r\n                                        \r\n                <\/div>\r\n            <\/section>\r\n            <script>\r\n                jQuery(document).ready(function() {\r\n                    jQuery(\".default-slider\").slick({\r\n                                                    dots: false,\r\n                            infinite: true,\r\n                            centerMode: true,\r\n                            autoplay: true,\r\n                            autoplaySpeed: 7000,\r\n                            slidesToShow: 1,\r\n                            slidesToScroll: 1,\r\n                            centerPadding: '0',\r\n                            arrows: true\r\n                                            });\r\n                });\r\n            <\/script>\r\n            \r\n            \r\n\r\n\t\t\t\t\t<\/div>\n\t\t\t\t<\/div>\n\t\t\t\t<div class=\"elementor-element elementor-element-51c698b elementor-widget elementor-widget-text-editor\" data-id=\"51c698b\" data-element_type=\"widget\" data-e-type=\"widget\" data-widget_type=\"text-editor.default\">\n\t\t\t\t<div class=\"elementor-widget-container\">\n\t\t\t\t\t\t\t\t\t<p>&#8220;Ty\u00f6tapoihini kuuluu asiakkaan kokonaisvaltainen kohtaaminen, toimintakyvyn arviointi, kuntoutussuunnitelman laatiminen, kuntoutuksen ohjaaminen, manuaalinen terapia sek\u00e4 terapeuttinen harjoittelu&#8221;<\/p>\t\t\t\t\t\t\t\t<\/div>\n\t\t\t\t<\/div>\n\t\t\t\t\t<\/div>\n\t\t\t\t<\/div>\n\t\t<div class=\"elementor-element elementor-element-ead33a8 e-grid e-con-boxed e-con e-parent\" data-id=\"ead33a8\" data-element_type=\"container\" data-e-type=\"container\" data-settings=\"{&quot;background_background&quot;:&quot;classic&quot;}\">\n\t\t\t\t\t<div class=\"e-con-inner\">\n\t\t\t\t<div class=\"elementor-element elementor-element-5c86b63 elementor-widget elementor-widget-service\" data-id=\"5c86b63\" data-element_type=\"widget\" data-e-type=\"widget\" data-widget_type=\"service.default\">\n\t\t\t\t<div class=\"elementor-widget-container\">\n\t\t\t\t\t\r\n\t\t\t\t\t<div class=\"service-box style1\">\r\n\t\t\t\t<div class=\"thumb\">\r\n\t\t\t\t\t<img decoding=\"async\" src=\"http:\/\/www.kallavedenfysioterapia.fi\/wp-content\/uploads\/2025\/05\/fysio_www.jpg\" alt=\"workport\">\r\n\t\t\t\t<\/div>\r\n\t\t\t\t<div class=\"content\">\r\n\t\t\t\t\t<div class=\"icon\">\r\n\t\t\t\t\t\t\t\t\t\t\t\t\t\t\t\t\t\t\t\t\t\t\t\t<\/div>\r\n\t\t\t\t\t<h3 class=\"title\"><a href=\"\">\r\n\t\t\t\t\t\tFysioterapia<\/a><\/h3>\r\n\t\t\t\t\t\t<p class=\"description\">Fysioterapeutin teht\u00e4v\u00e4 on edist\u00e4\u00e4,\npalauttaa ja yll\u00e4pit\u00e4\u00e4 asiakkaan terveytt\u00e4, liikkumista ja toimintakyky\u00e4.\nLis\u00e4ksi ty\u00f6nkuvaani kuuluu my\u00f6s asiantuntija- ja luentotilaisuudet tilaajan toiveiden mukaan.<\/p>\r\n\t\t\t\t\t\t\r\n\t\t\t\t\t\t\t\t\t\t\t<\/div>\r\n\t\t\t\t<\/div>\r\n\t\t\t\t\t\t<\/div>\n\t\t\t\t<\/div>\n\t\t\t\t<div class=\"elementor-element elementor-element-280e1ce elementor-widget elementor-widget-service\" data-id=\"280e1ce\" data-element_type=\"widget\" data-e-type=\"widget\" data-widget_type=\"service.default\">\n\t\t\t\t<div class=\"elementor-widget-container\">\n\t\t\t\t\t\r\n\t\t\t\t\t<div class=\"service-box style1\">\r\n\t\t\t\t<div class=\"thumb\">\r\n\t\t\t\t\t<img decoding=\"async\" src=\"http:\/\/www.kallavedenfysioterapia.fi\/wp-content\/uploads\/2025\/05\/hieronta_www-1.jpg\" alt=\"workport\">\r\n\t\t\t\t<\/div>\r\n\t\t\t\t<div class=\"content\">\r\n\t\t\t\t\t<div class=\"icon\">\r\n\t\t\t\t\t\t\t\t\t\t\t\t\t\t\t\t\t\t\t\t\t\t\t\t<\/div>\r\n\t\t\t\t\t<h3 class=\"title\"><a href=\"\">\r\n\t\t\t\t\t\tKlassinen hieronta<\/a><\/h3>\r\n\t\t\t\t\t\t<p class=\"description\">Hieronta on tehokas, n\u00e4ytt\u00f6\u00f6n perustuva toimintatapa mm. lihaskireyksien lievent\u00e4misess\u00e4 sek\u00e4 kehon\nkokonaisvaltaisessa rentouttamisessa. Yksi manuaalisen terapian muoto.<\/p>\r\n\t\t\t\t\t\t\r\n\t\t\t\t\t\t\t\t\t\t\t<\/div>\r\n\t\t\t\t<\/div>\r\n\t\t\t\t\t\t<\/div>\n\t\t\t\t<\/div>\n\t\t\t\t<div class=\"elementor-element elementor-element-f87374a elementor-widget elementor-widget-service\" data-id=\"f87374a\" data-element_type=\"widget\" data-e-type=\"widget\" data-widget_type=\"service.default\">\n\t\t\t\t<div class=\"elementor-widget-container\">\n\t\t\t\t\t\r\n\t\t\t\t\t<div class=\"service-box style1\">\r\n\t\t\t\t<div class=\"thumb\">\r\n\t\t\t\t\t<img decoding=\"async\" src=\"http:\/\/www.kallavedenfysioterapia.fi\/wp-content\/uploads\/2025\/05\/koti_www.jpg\" alt=\"workport\">\r\n\t\t\t\t<\/div>\r\n\t\t\t\t<div class=\"content\">\r\n\t\t\t\t\t<div class=\"icon\">\r\n\t\t\t\t\t\t\t\t\t\t\t\t\t\t\t\t\t\t\t\t\t\t\t\t<\/div>\r\n\t\t\t\t\t<h3 class=\"title\"><a href=\"\">\r\n\t\t\t\t\t\tKotik\u00e4ynnit<\/a><\/h3>\r\n\t\t\t\t\t\t<p class=\"description\">Ehk\u00e4 merkitt\u00e4vin osa asiakasty\u00f6st\u00e4ni toteutuu kotik\u00e4yntein\u00e4 asiakkaan omassa asuin-, ja\ntoimintaymp\u00e4rist\u00f6ss\u00e4. T\u00e4m\u00e4n ollessa asiakkaan koti tai vaikkapa palveluasumisyksikk\u00f6.<\/p>\r\n\t\t\t\t\t\t\r\n\t\t\t\t\t\t\t\t\t\t\t<\/div>\r\n\t\t\t\t<\/div>\r\n\t\t\t\t\t\t<\/div>\n\t\t\t\t<\/div>\n\t\t\t\t\t<\/div>\n\t\t\t\t<\/div>\n\t\t<div class=\"elementor-element elementor-element-cb022bc e-flex e-con-boxed e-con e-parent\" data-id=\"cb022bc\" data-element_type=\"container\" data-e-type=\"container\">\n\t\t\t\t\t<div class=\"e-con-inner\">\n\t\t\t\t\t<\/div>\n\t\t\t\t<\/div>\n\t\t<div class=\"elementor-element elementor-element-3fce6f1 e-flex e-con-boxed e-con e-parent\" data-id=\"3fce6f1\" data-element_type=\"container\" data-e-type=\"container\">\n\t\t\t\t\t<div class=\"e-con-inner\">\n\t\t\t\t<div class=\"elementor-element elementor-element-d931204 elementor-widget elementor-widget-link-in-bio\" data-id=\"d931204\" data-element_type=\"widget\" data-e-type=\"widget\" data-widget_type=\"link-in-bio.default\">\n\t\t\t\t<div class=\"elementor-widget-container\">\n\t\t\t\t\t\t\t<div class=\"e-link-in-bio e-link-in-bio\">\n\t\t\t<div class=\"e-link-in-bio__content\">\n\n\t\t\t\t\t\t<div class=\"e-link-in-bio__identity\">\n\t\t\t\t\t\t\t\t\t<div class=\"e-link-in-bio__identity-image e-link-in-bio__identity-image-profile has-style-circle\">\n\t\t\t\t\t\t\t<img fetchpriority=\"high\" decoding=\"async\" width=\"300\" height=\"300\" src=\"http:\/\/www.kallavedenfysioterapia.fi\/wp-content\/uploads\/2025\/05\/mika_small-300x300.jpg\" class=\"e-link-in-bio__identity-image-element\" alt=\"\" srcset=\"http:\/\/www.kallavedenfysioterapia.fi\/wp-content\/uploads\/2025\/05\/mika_small-300x300.jpg 300w, http:\/\/www.kallavedenfysioterapia.fi\/wp-content\/uploads\/2025\/05\/mika_small-150x150.jpg 150w, http:\/\/www.kallavedenfysioterapia.fi\/wp-content\/uploads\/2025\/05\/mika_small-106x106.jpg 106w, http:\/\/www.kallavedenfysioterapia.fi\/wp-content\/uploads\/2025\/05\/mika_small-80x80.jpg 80w, http:\/\/www.kallavedenfysioterapia.fi\/wp-content\/uploads\/2025\/05\/mika_small.jpg 314w\" sizes=\"(max-width: 300px) 100vw, 300px\" \/>\t\t\t\t\t\t\t\t\t\t\t\t\t<\/div>\n\t\t\t\t\t\t\t<\/div>\n\t\t\t\t\t<div class=\"e-link-in-bio__bio\">\n\t\t\t\t<h2 class=\"e-link-in-bio__heading\">Mika Jaakkola<\/h2>\t\t\t\t<h3 class=\"e-link-in-bio__title\">Fysioterapeutti, Koulutettu hieroja<\/h3>\t\t\t\t\t\t\t\t<p class=\"e-link-in-bio__description\">Kallaveden Fysioterapia somessa<\/p>\t\t\t<\/div>\n\t\t\t\t\t<div class=\"e-link-in-bio__icons has-size-small\">\n\t\t\t\t\t\t\t<div class=\"e-link-in-bio__icon is-size-small\">\n\t\t\t\t\t<a href=\"https:\/\/www.facebook.com\/people\/Kallaveden-Fysioterapia\/61574763076607\/\" target=\"_blank\" rel=\"noopener \" aria-label=\"Facebook\" class=\"e-link-in-bio__icon-link\">\n\t\t\t\t\t\t<span class=\"e-link-in-bio__icon-svg\">\n\t\t\t\t\t\t\t<svg aria-hidden=\"true\" class=\"e-font-icon-svg e-fab-facebook\" viewBox=\"0 0 512 512\" xmlns=\"http:\/\/www.w3.org\/2000\/svg\"><path d=\"M504 256C504 119 393 8 256 8S8 119 8 256c0 123.78 90.69 226.38 209.25 245V327.69h-63V256h63v-54.64c0-62.15 37-96.48 93.67-96.48 27.14 0 55.52 4.84 55.52 4.84v61h-31.28c-30.8 0-40.41 19.12-40.41 38.73V256h68.78l-11 71.69h-57.78V501C413.31 482.38 504 379.78 504 256z\"><\/path><\/svg>\t\t\t\t\t\t<\/span>\n\t\t\t\t\t\t\t\t\t\t\t<\/a>\n\t\t\t\t<\/div>\n\t\t\t\t\t\t\t<div class=\"e-link-in-bio__icon is-size-small\">\n\t\t\t\t\t<a target=\"_blank\" rel=\"noopener \" aria-label=\"Instagram\" class=\"e-link-in-bio__icon-link\" href=\"\">\n\t\t\t\t\t\t<span class=\"e-link-in-bio__icon-svg\">\n\t\t\t\t\t\t\t<svg aria-hidden=\"true\" class=\"e-font-icon-svg e-fab-instagram\" viewBox=\"0 0 448 512\" xmlns=\"http:\/\/www.w3.org\/2000\/svg\"><path d=\"M224.1 141c-63.6 0-114.9 51.3-114.9 114.9s51.3 114.9 114.9 114.9S339 319.5 339 255.9 287.7 141 224.1 141zm0 189.6c-41.1 0-74.7-33.5-74.7-74.7s33.5-74.7 74.7-74.7 74.7 33.5 74.7 74.7-33.6 74.7-74.7 74.7zm146.4-194.3c0 14.9-12 26.8-26.8 26.8-14.9 0-26.8-12-26.8-26.8s12-26.8 26.8-26.8 26.8 12 26.8 26.8zm76.1 27.2c-1.7-35.9-9.9-67.7-36.2-93.9-26.2-26.2-58-34.4-93.9-36.2-37-2.1-147.9-2.1-184.9 0-35.8 1.7-67.6 9.9-93.9 36.1s-34.4 58-36.2 93.9c-2.1 37-2.1 147.9 0 184.9 1.7 35.9 9.9 67.7 36.2 93.9s58 34.4 93.9 36.2c37 2.1 147.9 2.1 184.9 0 35.9-1.7 67.7-9.9 93.9-36.2 26.2-26.2 34.4-58 36.2-93.9 2.1-37 2.1-147.8 0-184.8zM398.8 388c-7.8 19.6-22.9 34.7-42.6 42.6-29.5 11.7-99.5 9-132.1 9s-102.7 2.6-132.1-9c-19.6-7.8-34.7-22.9-42.6-42.6-11.7-29.5-9-99.5-9-132.1s-2.6-102.7 9-132.1c7.8-19.6 22.9-34.7 42.6-42.6 29.5-11.7 99.5-9 132.1-9s102.7-2.6 132.1 9c19.6 7.8 34.7 22.9 42.6 42.6 11.7 29.5 9 99.5 9 132.1s2.7 102.7-9 132.1z\"><\/path><\/svg>\t\t\t\t\t\t<\/span>\n\t\t\t\t\t\t\t\t\t\t\t<\/a>\n\t\t\t\t<\/div>\n\t\t\t\t\t<\/div>\n\t\t\n\t\t<div class=\"e-link-in-bio__ctas has-type-button\">\n\t\t\t\t\t\t\t<a href=\"https:\/\/www.kallavedenfysioterapia.fi\/?page_id=197\" target=\"_blank\" rel=\"noopener \" class=\"e-link-in-bio__cta is-type-button has-corners-rounded\">\n\t\t\t\t\t\t\t\t\t\t<span class=\"e-link-in-bio__cta-text\">\n\t\t\t\t\t\tKatso yhteystiedot\t\t\t\t\t<\/span>\n\t\t\t\t<\/a>\n\t\t\t\t\t<\/div>\n\t\t\n\t\t\t<\/div>\n\t\t\t<div class=\"e-link-in-bio__bg\">\n\t\t\t\t<div class=\"e-link-in-bio__bg-overlay\"><\/div>\n\t\t\t<\/div>\n\t\t<\/div>\n\t\t\t\t\t\t<\/div>\n\t\t\t\t<\/div>\n\t\t\t\t<div class=\"elementor-element elementor-element-0913945 elementor-widget elementor-widget-google_maps\" data-id=\"0913945\" data-element_type=\"widget\" data-e-type=\"widget\" data-widget_type=\"google_maps.default\">\n\t\t\t\t<div class=\"elementor-widget-container\">\n\t\t\t\t\t\t\t<div class=\"elementor-custom-embed\">\n\t\t\t<iframe loading=\"lazy\"\n\t\t\t\t\tsrc=\"https:\/\/maps.google.com\/maps?q=Sorvarinkatu%2012%20A%2011%2C%2070100%20KUOPIO&#038;t=m&#038;z=14&#038;output=embed&#038;iwloc=near\"\n\t\t\t\t\ttitle=\"Sorvarinkatu 12 A 11, 70100 KUOPIO\"\n\t\t\t\t\taria-label=\"Sorvarinkatu 12 A 11, 70100 KUOPIO\"\n\t\t\t><\/iframe>\n\t\t<\/div>\n\t\t\t\t\t\t<\/div>\n\t\t\t\t<\/div>\n\t\t\t\t<div class=\"elementor-element elementor-element-c802cc5 elementor-widget-divider--view-line elementor-widget elementor-widget-divider\" data-id=\"c802cc5\" data-element_type=\"widget\" data-e-type=\"widget\" data-widget_type=\"divider.default\">\n\t\t\t\t<div class=\"elementor-widget-container\">\n\t\t\t\t\t\t\t<div class=\"elementor-divider\">\n\t\t\t<span class=\"elementor-divider-separator\">\n\t\t\t\t\t\t<\/span>\n\t\t<\/div>\n\t\t\t\t\t\t<\/div>\n\t\t\t\t<\/div>\n\t\t\t\t<div class=\"elementor-element elementor-element-b1ae492 elementor-widget elementor-widget-heading\" data-id=\"b1ae492\" data-element_type=\"widget\" data-e-type=\"widget\" data-widget_type=\"heading.default\">\n\t\t\t\t<div class=\"elementor-widget-container\">\n\t\t\t\t\t<h4 class=\"elementor-heading-title elementor-size-default\">USEIN KYSYTYT KYSYMYKSET<\/h4>\t\t\t\t<\/div>\n\t\t\t\t<\/div>\n\t\t\t\t<div class=\"elementor-element elementor-element-cb881e4 elementor-widget elementor-widget-ditaccordion\" data-id=\"cb881e4\" data-element_type=\"widget\" data-e-type=\"widget\" data-widget_type=\"ditaccordion.default\">\n\t\t\t\t<div class=\"elementor-widget-container\">\n\t\t\t\t\t\r\n\t\t\r\n\t\t\t<ul class=\"my-accordion style-2\">\r\n\t\t\t\t\t\t\t\t\t<li>\r\n\t\t\t\t\t\t <a> <img decoding=\"async\" src=\"\" alt=\"workport\"> Sopiiko fysioterapia minulle?<\/a>\r\n\t\t\t\t\t\t<p>Sopii! Fysioterapiamenetelm\u00e4t ovat oikeissa k\u00e4siss\u00e4 sovellettavissa ihmisen i\u00e4n jokaiseen vaiheeseen ja\nkuntoutumisen jokaiseen vaiheeseen.<\/p>\r\n\t\t\t\t\t<\/li>\r\n\t\t\t\t\t\t\t\t\t<li>\r\n\t\t\t\t\t\t <a> <img decoding=\"async\" src=\"http:\/\/www.kallavedenfysioterapia.fi\/wp-content\/plugins\/elementor\/assets\/images\/placeholder.png\" alt=\"workport\"> K\u00e4yk\u00f6 Smartum, E-passi tai vastaava maksuksi?<\/a>\r\n\t\t\t\t\t\t<p>Kyll\u00e4 k\u00e4y. Tervetuloa!<\/p>\r\n\t\t\t\t\t<\/li>\r\n\t\t\t\t\t\t\t\t\t<li>\r\n\t\t\t\t\t\t <a> <img decoding=\"async\" src=\"http:\/\/www.kallavedenfysioterapia.fi\/wp-content\/plugins\/elementor\/assets\/images\/placeholder.png\" alt=\"workport\"> Saanko KELA-korvauksen?<\/a>\r\n\t\t\t\t\t\t<p>Kyll\u00e4 vain. Jokainen Kela-kortin omaava saa kalenterivuodessa nelj\u00e4st\u00e4 fysioterapiakerrasta 15 euron\nkorvauksen per kerta. Etu kannattaa hy\u00f6dynt\u00e4\u00e4 vuosittain. Etu on hy\u00f6dynnett\u00e4viss\u00e4 sek\u00e4 vastaanotolla ett\u00e4\nkotik\u00e4yntien yhteydess\u00e4.<\/p>\r\n\t\t\t\t\t<\/li>\r\n\t\t\t\t\t\t\t\t\t<li>\r\n\t\t\t\t\t\t <a> <img decoding=\"async\" src=\"http:\/\/www.kallavedenfysioterapia.fi\/wp-content\/plugins\/elementor\/assets\/images\/placeholder.png\" alt=\"workport\"> Kuinka varaan ajan?<\/a>\r\n\t\t\t\t\t\t<p>Parhaiten minut saa kiinni soittamalla tai viestill\u00e4. Jos en pysty vastaamaan puheluun heti, laita viesti\u00e4,\npalaan asiaan heti kun mahdollista.<\/p>\r\n\t\t\t\t\t<\/li>\r\n\t\t\t\t\r\n\t\t\t<\/ul>\r\n\t\t\t<script>\r\n\t\t\t\tjQuery(document).ready(function($) {\r\n\t\t\t\t\t\"use strict\";\r\n\r\n\t\t\t\t\t$('.my-accordion > li:eq(0) a').addClass('active').next().slideDown();\r\n\r\n\t\t\t\t\t$('.my-accordion a').click(function() {\r\n\t\t\t\t\t\tvar dropDown = $(this).closest('li').find('p');\r\n\r\n\t\t\t\t\t\t$(this).closest('.my-accordion').find('p').not(dropDown).slideUp();\r\n\r\n\t\t\t\t\t\tif ($(this).hasClass('active')) {\r\n\t\t\t\t\t\t\t$(this).removeClass('active');\r\n\t\t\t\t\t\t} else {\r\n\t\t\t\t\t\t\t$(this).closest('.my-accordion').find('a.active').removeClass('active');\r\n\t\t\t\t\t\t\t$(this).addClass('active');\r\n\t\t\t\t\t\t}\r\n\r\n\t\t\t\t\t\tdropDown.stop(false, true).slideToggle();\r\n\r\n\t\t\t\t\t\tj.preventDefault();\r\n\t\t\t\t\t});\r\n\r\n\t\t\t\t});\r\n\t\t\t<\/script>\t\r\n\r\n\t\t\t\t\t\t<\/div>\n\t\t\t\t<\/div>\n\t\t\t\t\t<\/div>\n\t\t\t\t<\/div>\n\t\t\t\t<\/div>\n\t\t","protected":false},"excerpt":{"rendered":"<p>Kallaveden Fysioterapia Koulutettu ja kokenut fysioterapeutti Mika Jaakkola palveluksessanne! &#8220;Ty\u00f6tapoihini kuuluu asiakkaan kokonaisvaltainen kohtaaminen, toimintakyvyn arviointi, kuntoutussuunnitelman laatiminen, kuntoutuksen ohjaaminen, manuaalinen terapia sek\u00e4 terapeuttinen harjoittelu&#8221; Fysioterapia Fysioterapeutin teht\u00e4v\u00e4 on edist\u00e4\u00e4, palauttaa ja yll\u00e4pit\u00e4\u00e4 asiakkaan terveytt\u00e4, liikkumista ja toimintakyky\u00e4. Lis\u00e4ksi ty\u00f6nkuvaani kuuluu my\u00f6s asiantuntija- ja luentotilaisuudet tilaajan toiveiden mukaan. Klassinen hieronta Hieronta on tehokas, n\u00e4ytt\u00f6\u00f6n perustuva [&hellip;]<\/p>\n","protected":false},"author":1,"featured_media":0,"parent":0,"menu_order":0,"comment_status":"closed","ping_status":"open","template":"redux-templates_full_width","meta":{"footnotes":""},"class_list":["post-2","page","type-page","status-publish","hentry"],"_links":{"self":[{"href":"http:\/\/www.kallavedenfysioterapia.fi\/index.php?rest_route=\/wp\/v2\/pages\/2","targetHints":{"allow":["GET"]}}],"collection":[{"href":"http:\/\/www.kallavedenfysioterapia.fi\/index.php?rest_route=\/wp\/v2\/pages"}],"about":[{"href":"http:\/\/www.kallavedenfysioterapia.fi\/index.php?rest_route=\/wp\/v2\/types\/page"}],"author":[{"embeddable":true,"href":"http:\/\/www.kallavedenfysioterapia.fi\/index.php?rest_route=\/wp\/v2\/users\/1"}],"replies":[{"embeddable":true,"href":"http:\/\/www.kallavedenfysioterapia.fi\/index.php?rest_route=%2Fwp%2Fv2%2Fcomments&post=2"}],"version-history":[{"count":144,"href":"http:\/\/www.kallavedenfysioterapia.fi\/index.php?rest_route=\/wp\/v2\/pages\/2\/revisions"}],"predecessor-version":[{"id":258,"href":"http:\/\/www.kallavedenfysioterapia.fi\/index.php?rest_route=\/wp\/v2\/pages\/2\/revisions\/258"}],"wp:attachment":[{"href":"http:\/\/www.kallavedenfysioterapia.fi\/index.php?rest_route=%2Fwp%2Fv2%2Fmedia&parent=2"}],"curies":[{"name":"wp","href":"https:\/\/api.w.org\/{rel}","templated":true}]}}