{"id":259,"date":"2025-05-27T19:27:16","date_gmt":"2025-05-27T19:27:16","guid":{"rendered":"https:\/\/www.kallavedenfysioterapia.fi\/?page_id=259"},"modified":"2025-05-27T19:37:01","modified_gmt":"2025-05-27T19:37:01","slug":"omavalvontasuunnitelma","status":"publish","type":"page","link":"https:\/\/www.kallavedenfysioterapia.fi\/?page_id=259","title":{"rendered":"Omavalvontasuunnitelma"},"content":{"rendered":"\t\t<div data-elementor-type=\"wp-page\" data-elementor-id=\"259\" class=\"elementor elementor-259\">\n\t\t\t\t<div class=\"elementor-element elementor-element-7c7a47f e-flex e-con-boxed e-con e-parent\" data-id=\"7c7a47f\" data-element_type=\"container\" data-e-type=\"container\">\n\t\t\t\t\t<div class=\"e-con-inner\">\n\t\t\t\t<div class=\"elementor-element elementor-element-9f2b8c9 elementor-widget elementor-widget-text-editor\" data-id=\"9f2b8c9\" data-element_type=\"widget\" data-e-type=\"widget\" data-widget_type=\"text-editor.default\">\n\t\t\t\t<div class=\"elementor-widget-container\">\n\t\t\t\t\t\t\t\t\t<h4>\u00a0<\/h4><h2>Omavalvontasuunnitelma<br \/><br \/><\/h2><p>P\u00e4ivitetty 4.3.2025<\/p><p>Kallaveden Fysioterapia<br \/>Fysioterapeutti, koulutettu hieroja Mika Jaakkola<br \/>Y-tunnus: 2331181-3<br \/>Yksityinen fysioterapiapalveluiden tuottaja<\/p><p><br \/><strong>1. Palveluntuottajan yhteystiedot<br \/><\/strong><br \/>Kallaveden Fysioterapia<br \/>Fysioterapeutti, koulutettu hieroja Mika Jaakkola<\/p><p><strong>Postiosoite:<\/strong><br \/>Eerikkalantie 163, 722120 Tervo<br \/><br \/><strong>K\u00e4yntiosoite:<\/strong><br \/>Sorvarinkatu 12A11, 70100 Kuopio<br \/>Puh. 045 6398738<br \/>jaakkolamika@gmail.com<\/p><p><strong>2. Toiminnasta vastaava vastuuhenkil\u00f6<br \/><\/strong><br \/>Mika Jaakkola<br \/>Rekister\u00f6intitunnus 50604623749<\/p><p><strong>Vakuutukset<\/strong><br \/>Yrityksen vastuu, oikeusturva ja potilasvakuutus ovat Suomen Fysioterapeuttien kautta Turvan vakuuttama. Yritt\u00e4j\u00e4n el\u00e4kevakuutus on Ilmarisessa. Potilasasiamiesasioissa yhteisty\u00f6ss\u00e4 Suomen Fysioterapeutit.<\/p><p><strong>3. Toimiala<br \/><\/strong><br \/>&#8211; Yksityiset fysioterapiapalvelut<br \/><br \/><strong>Palvelut<\/strong><br \/><br \/>&#8211; Fysioterapia, klassinen hieronta, Kelan vaativa l\u00e4\u00e4kinn\u00e4llinen kuntoutus<\/p><p><strong>4. Toiminta-ajatus, arvot, toimintaperiaatteet<br \/><\/strong><br \/>&#8211; Toiminta-ajatuksena on tuottaa laadukkaita fysioterapiapalveluita Kuopiossa ja Pohjois-Savon alueella. Palveluja tuotetaan omassa toimipisteess\u00e4 sek\u00e4 kotik\u00e4yntein\u00e4.<br \/><br \/>&#8211; Yritys palvelee kaikenik\u00e4isi\u00e4 asiakkaita<br \/><br \/>&#8211; Fysioterapia toteutetaan yksil\u00f6terapiana, tarvittaessa ryhm\u00e4nohjauksena<br \/><br \/>&#8211; Fysioterapia perustuu asiakkaan haastattelulla ja tutkimisella saatavaan informaatioon. Siten selvitet\u00e4\u00e4n toimintakyky\u00e4 rajoittavat tekij\u00e4t sek\u00e4 yksil\u00f6n oma motivaatio ja voimavarat. Suunnitelma laaditaan yhdess\u00e4 asiakkaan kanssa, tarvittaessa moniammatillisessa yhteisty\u00f6ss\u00e4 terveydenhuollon kanssa.<br \/><br \/>&#8211; Fysioterapian yhten\u00e4 tavoitteena on aktivoidas asiakasta omaehtoiseen liikuntaan ja aktiivisuuteen mill\u00e4 saavutetaan pidempiaikaista hy\u00f6ty\u00e4 toimintakyvyss\u00e4. Akuuteissa kiputilanteissa tai toimintakyvyn heikentyess\u00e4 tavoite on saada kipu ja toimintarajoite pois, jotta harjoittelu onnistuu.<br \/><br \/>&#8211; Fysioterapia perustuu tutkimustietoon ja valideihin k\u00e4yt\u00e4nt\u00f6ihin.<br \/><br \/>&#8211; Fysioterapiamenetelmi\u00e4 ovat mm.<br \/>&gt; manuaalinen terapia ja mobilisaatio, kuten klassinen hieronta<br \/>&gt; terapeuttinen harjoittelu<br \/>&gt; ohjaus ja neuvonta<\/p><p><strong>5. Omavalvonnan organisointi, johtaminen ja vastuuhenkil\u00f6t<\/strong><br \/><br \/>Omavalvonnasta vastaa Mika Jaakkola<\/p><p><strong>6. Asiakkaan ja omaisen osallistuminen sek\u00e4 asiakaspalaute<\/strong><\/p><p>&#8211; Asiakas osallistuu aktiivisesti fysioterapiaan ja sen suunnitteluun. Yhdess\u00e4 laaditaan kuntoutussuunnitelma, joka pohjautuu asetettuihin tavoitteisiin.<br \/><br \/><strong>7. Riskien tunnistaminen, ehk\u00e4isy ja korjaavat toimenpiteet sek\u00e4 asiakasturvallisuus<\/strong><\/p><p>Riskej\u00e4 pyrit\u00e4\u00e4n v\u00e4ltt\u00e4m\u00e4\u00e4n ennalta mahdollisimman paljon. Toimitilaan p\u00e4\u00e4sy on esteet\u00f6n. Toimitilassa toimiminen on esteet\u00f6n. Toimipisteess\u00e4 on kiinte\u00e4 py\u00f6r\u00e4tuoliramppi, hissi, portaat kaiteineen sek\u00e4 wc toimitilassa. Ensiapulaukku sijaitsee toimipisteess\u00e4. Yritt\u00e4j\u00e4ll\u00e4 on voimassaoleva EA1-p\u00e4tevyys.<br \/>Terapian perusteet nojaavat asiakkaan haastatteluun ja taustatietojen ker\u00e4\u00e4miseen, jotta terapia voidaan suunnitella ja toteuttaa asiakkaalle turvallisesti ja tehokkaasti perussairaudet ja rajoitteet huomioonottaen.<\/p><p>Poikkeustilanteissa esim. tulipalossa pelastetaan ensin henkil\u00f6t ja suoritetaan alkusammutustoimenpiteet turvallisuuden sallimissa puitteissa. Edell\u00e4 mainituissa tapauksissa ja sairauskohtauksissa soitetaan yleiseen h\u00e4t\u00e4numeroon 112 ja tarvittaessa annetaan h\u00e4t\u00e4ensiapua. Turvallisuutta uhkaavissa tilanteissa kuten ulkopuolisen henkil\u00f6n uhatessa fysioterapeuttia tai asiakasta, otetaan yhteytt\u00e4 poliisiin ja toimitaan ohjeiden mukaan. Ensisijaisesti pyrit\u00e4\u00e4n lukitsemaan ovet ja est\u00e4m\u00e4\u00e4n uhkaavan henkil\u00f6n sis\u00e4\u00e4ntulo. Esimerkiksi huumausaineiden vaikutuksen alaisen tai uhkaavan henkil\u00f6n kanssa pyrit\u00e4\u00e4n ensisijaisesti keskustelemaan ja purkamaan uhkaava tilanne, tarvittaessa omaa tai muiden terveytt\u00e4 uhkaavissa tilanteissa k\u00e4ytet\u00e4\u00e4n tarvittavaa voimaa. Ymp\u00e4rist\u00f6- ja luonnonkatastrofeissa esimerkiksi s\u00e4teilylle altistavissa vaaratilanteissa noudatetaan viranomaisten antamia ohjeita.<\/p><p><strong>8. Palvelu sis\u00e4ll\u00f6n omavalvonta<\/strong><\/p><p>Asiakkaan asema, oikeudet ja oikeusturva<br \/><br \/>&#8211; Fysioterapia on asiakasl\u00e4ht\u00f6ist\u00e4 ja toteutetaan tavoitteiden ja toiveiden mukaan. Kaikkia asiakkaista kohdellaan tasa-arvoisesti ja hoidossa pyrit\u00e4\u00e4n mahdollisimman hyv\u00e4\u00e4n lopputulokseen. Asiakkaalla on oikeus p\u00e4\u00e4tt\u00e4\u00e4 terapian k\u00e4yntikertojen tiheydest\u00e4 ja hoitosuhteen kestosta. Oikeudet perustuvat lakiin potilaan asemasta ja oikeuksista.<br \/><br \/>&#8211; Ongelmatilanteissa asiakas voi olla yhteydess\u00e4 PSHVA:n potilasasiamieheen. Ensisijaisesti pyrit\u00e4\u00e4n ratkaisemaan ongelmat ja reklamaatiot asiakkaan ja palveluntuottajan kesken.<br \/><br \/>&#8211; PSHVA:n potilasasiamiehen yhteystiedot:<br \/>&gt; Perusterveydenhuollon ja yksityisten terveydenhuollon palveluntuottajien potilasasiavastaavien palvelunumero 0444610850<br \/><br \/><strong>9. Asiakastietojen k\u00e4sittely<\/strong><\/p><p>&#8211; Asiakastietoja k\u00e4sitell\u00e4\u00e4n luottamuksellisesti ja vaitiolo- ja salassapitovelvollisuutta kunnioittaen. Asiakastiedot kirjataan manuaalisesti paperille, potilastietoja s\u00e4ilytet\u00e4\u00e4n lukitussa tilassa. Tietoja ei luovuteta ulkopuolisen n\u00e4ht\u00e4v\u00e4ksi.<br \/><br \/>&#8211; Asiakkaalla on oikeus tietojensa tarkasteluun. Tietojen luovuttamiseen toiselle taholle, tulee olla asiakkaan kirjallinen suostumus.<br \/><br \/><strong>10. Omavalvontasuunnitelman p\u00e4ivitt\u00e4minen<br \/><\/strong><br \/>&#8211; Omavalvontasuunnitelmasta ja sen p\u00e4ivitt\u00e4misest\u00e4 vastaa Mika Jaakkola. P\u00e4ivitt\u00e4minen suoritetaan vuosittain ja\/tai aina tarpeen vaatiessa.<\/p><p>\u00a0<\/p><p>4.3.2025 Fysioterapeutti Mika Jaakkola<\/p>\t\t\t\t\t\t\t\t<\/div>\n\t\t\t\t<\/div>\n\t\t\t\t\t<\/div>\n\t\t\t\t<\/div>\n\t\t\t\t<\/div>\n\t\t","protected":false},"excerpt":{"rendered":"<p>\u00a0 Omavalvontasuunnitelma P\u00e4ivitetty 4.3.2025 Kallaveden FysioterapiaFysioterapeutti, koulutettu hieroja Mika JaakkolaY-tunnus: 2331181-3Yksityinen fysioterapiapalveluiden tuottaja 1. Palveluntuottajan yhteystiedotKallaveden FysioterapiaFysioterapeutti, koulutettu hieroja Mika Jaakkola Postiosoite:Eerikkalantie 163, 722120 Tervo K\u00e4yntiosoite:Sorvarinkatu 12A11, 70100 KuopioPuh. 045 6398738jaakkolamika@gmail.com 2. Toiminnasta vastaava vastuuhenkil\u00f6Mika JaakkolaRekister\u00f6intitunnus 50604623749 VakuutuksetYrityksen vastuu, oikeusturva ja potilasvakuutus ovat Suomen Fysioterapeuttien kautta Turvan vakuuttama. Yritt\u00e4j\u00e4n el\u00e4kevakuutus on Ilmarisessa. Potilasasiamiesasioissa yhteisty\u00f6ss\u00e4 Suomen [&hellip;]<\/p>\n","protected":false},"author":1,"featured_media":0,"parent":0,"menu_order":0,"comment_status":"closed","ping_status":"closed","template":"","meta":{"footnotes":""},"class_list":["post-259","page","type-page","status-publish","hentry"],"_links":{"self":[{"href":"https:\/\/www.kallavedenfysioterapia.fi\/index.php?rest_route=\/wp\/v2\/pages\/259","targetHints":{"allow":["GET"]}}],"collection":[{"href":"https:\/\/www.kallavedenfysioterapia.fi\/index.php?rest_route=\/wp\/v2\/pages"}],"about":[{"href":"https:\/\/www.kallavedenfysioterapia.fi\/index.php?rest_route=\/wp\/v2\/types\/page"}],"author":[{"embeddable":true,"href":"https:\/\/www.kallavedenfysioterapia.fi\/index.php?rest_route=\/wp\/v2\/users\/1"}],"replies":[{"embeddable":true,"href":"https:\/\/www.kallavedenfysioterapia.fi\/index.php?rest_route=%2Fwp%2Fv2%2Fcomments&post=259"}],"version-history":[{"count":4,"href":"https:\/\/www.kallavedenfysioterapia.fi\/index.php?rest_route=\/wp\/v2\/pages\/259\/revisions"}],"predecessor-version":[{"id":263,"href":"https:\/\/www.kallavedenfysioterapia.fi\/index.php?rest_route=\/wp\/v2\/pages\/259\/revisions\/263"}],"wp:attachment":[{"href":"https:\/\/www.kallavedenfysioterapia.fi\/index.php?rest_route=%2Fwp%2Fv2%2Fmedia&parent=259"}],"curies":[{"name":"wp","href":"https:\/\/api.w.org\/{rel}","templated":true}]}}