{"id":3,"date":"2025-04-07T21:03:42","date_gmt":"2025-04-07T21:03:42","guid":{"rendered":"http:\/\/www.kallavedenfysioterapia.fi\/?page_id=3"},"modified":"2025-05-27T18:50:37","modified_gmt":"2025-05-27T18:50:37","slug":"privacy-policy","status":"publish","type":"page","link":"https:\/\/www.kallavedenfysioterapia.fi\/?page_id=3","title":{"rendered":"Privacy Policy"},"content":{"rendered":"\t\t<div data-elementor-type=\"wp-page\" data-elementor-id=\"3\" class=\"elementor elementor-3\">\n\t\t\t\t<div class=\"elementor-element elementor-element-44e89729 e-flex e-con-boxed e-con e-parent\" data-id=\"44e89729\" data-element_type=\"container\" data-e-type=\"container\">\n\t\t\t\t\t<div class=\"e-con-inner\">\n\t\t\t\t<div class=\"elementor-element elementor-element-bda1b8 elementor-widget elementor-widget-text-editor\" data-id=\"bda1b8\" data-element_type=\"widget\" data-e-type=\"widget\" data-widget_type=\"text-editor.default\">\n\t\t\t\t<div class=\"elementor-widget-container\">\n\t\t\t\t\t\t\t\t\t\n<h2 class=\"wp-block-heading\">Rekisteri ja tietosuojaseloste<\/h2>\n<h4><br \/>KALLAVEDEN FYSIOTERAPIA<\/h4>\n<p>T\u00e4m\u00e4 on henkil\u00f6tietolain (523\/1999) 10 pyk\u00e4l\u00e4n ja 24 pyk\u00e4l\u00e4n sek\u00e4 EU:n yleisen tietosuoja-asetuksen (GDPR) mukainen yhdistettu rekisteriseloste sek\u00e4 tiedote tietosuojan toteuttamisesta Kallaveden Fysioterapian asiakkaille.<\/p>\n<p><strong>1. Rekisterinpit\u00e4j\u00e4, Y-tunnus ja yhteystiedot<\/strong><\/p>\n<p>Kallaveden Fysioterapia<br \/>Y: 2331181-3<br \/>Mika Jaakkola<br \/>Puh. 045 6398738<\/p>\n<p>K\u00e4yntiosoite:<br \/>Sorvarinkatu 12A11<br \/>70100 Kuopio<br \/><br \/>Postiosoite:<br \/>Eerikkalantie 163<br \/>72210 Tervo<br \/><br \/><strong>2. Yhteyshenkil\u00f6 rekisteriasioissa ja yhteystiedot<\/strong><\/p>\n<p>Mika Jaakkola<br \/>Eerikkalantie 163<br \/>72210 Tervo<br \/>Puh. 045 6398738<br \/>jaakkolamika@gmail.com<\/p>\n<p><br \/><strong>3. Rekisterin nimi<\/strong><\/p>\n<p>Kallaveden Fysioterapia asiakasrekisteri<\/p>\n<p><strong>4. Henkil\u00f6tietojen k\u00e4sittelyn peruste ja tarkoitus<\/strong><\/p>\n<p>Henkil\u00f6tietorekisterist\u00e4 vastaa rekisterinpit\u00e4j\u00e4, jolla on henkil\u00f6tietolain mukainen salassapitovelvollisuus.<br \/><br \/>Henkil\u00f6tietoja ker\u00e4t\u00e4\u00e4n fysioterapia asiakkailta. Henkil\u00f6tietojen ker\u00e4\u00e4minen perustuu lain vaatimaan tapaan ja niit\u00e4 k\u00e4sitell\u00e4\u00e4n asianmukaisesti, huolellisesti ja turvallisesti eik\u00e4 niit\u00e4 k\u00e4ytet\u00e4 muuhun kuin fysioterapia tarkoitukseen.<\/p>\n<p><strong>5. Rekisterin tietosis\u00e4lt\u00f6<\/strong><br \/><br \/>Rekisterin tietoja ovat henkil\u00f6-, yhteys- ja laskutustiedot. S\u00e4ilytett\u00e4v\u00e4 materiaali on luottamuksellista.<br \/><br \/><strong>6. S\u00e4\u00e4nn\u00f6nmukaiset tietol\u00e4hteet<\/strong><br \/><br \/>Asiakkailta itselt\u00e4\u00e4n saadut tiedot.<br \/><br \/><strong>7. Tietojen s\u00e4\u00e4nn\u00f6nmukaiset luovutukset ja tietojen s\u00e4ilytysaika<\/strong><br \/><br \/>Tietoja luovutetaan pyydett\u00e4ess\u00e4 asiakkaalle, jolla on julkisuuslain 11 pyk\u00e4l\u00e4n mukaisesti oikeus h\u00e4nt\u00e4 koskeviin asiakirjoihin poikkeuksena asiakirjat, joista tiedon antaminen olisi vastoin eritt\u00e4in t\u00e4rke\u00e4\u00e4 yleist\u00e4 etua taikka lapsen etua tai muuta eritt\u00e4in t\u00e4rke\u00e4\u00e4 yksityist\u00e4 etua. Henkil\u00f6ll\u00e4 on oikeus saada<br \/>informaatiota siit\u00e4, mihin h\u00e4nen tietojaan k\u00e4ytet\u00e4\u00e4n EU tietosuoja-asetus 679\/2016, 16-17 artikla.<br \/><br \/><strong>8. Tietojen siirto EU:n tai ETA:n ulkopuolelle<\/strong><br \/><br \/>Asiakasrekisteri\u00e4 ei s\u00e4ilytet\u00e4 tai luovuteta EU\/ETA alueen ulkopuolelle.<br \/><br \/><strong>9. Rekisterin suojauksen periaatteet<\/strong><br \/><br \/>Rekisterinpit\u00e4j\u00e4 ilmoittaa mahdollisista tietoturvaloukkauksista suoraan tietosuojavaltuutetulle\/valvontaviranomaisille ja niille asiakkaille, joita tietovuoto koskee voimassa olevan lains\u00e4\u00e4d\u00e4nn\u00f6n mukaisesti 72h kuluessa h\u00e4iri\u00f6tilanteen huomaamisesta.<br \/><br \/><strong>Manuaalinen aineisto<br \/><\/strong><br \/>Aineisto kirjataan manuaalisesti. S\u00e4hk\u00f6inen tietoj\u00e4rjestelm\u00e4 ei ole k\u00e4yt\u00f6ss\u00e4. Rekisterin paperilla oleva materiaali s\u00e4ilytet\u00e4\u00e4n lukollisessa kaapissa. Rekisterin k\u00e4ytt\u00f6oikeus on yritt\u00e4j\u00e4ll\u00e4 itsell\u00e4\u00e4n.<br \/><br \/><strong>S\u00e4hk\u00f6inen aineisto<br \/><\/strong><br \/>Ei k\u00e4yt\u00f6ss\u00e4.<br \/><br \/><strong>10. Tarkastusoikeus<\/strong><\/p>\n<p>Jokaisella rekisteriss\u00e4 olevalla on oikeus tarkastaa henkil\u00f6rekisteriin talletetut tietonsa. (EU 2016\/679:n<br \/>artikla 15).<br \/><br \/><strong>11. Oikeus vaatia tiedon korjaamista ja poistamista<\/strong><\/p>\n<p>Rekister\u00f6idyll\u00e4 on oikeus vaatia asiakasrekisteriss\u00e4 olevan virheellisen tiedon korjaamista tai poistamista. (EU 2016\/679:n 16. ja 17 artikla). Rekister\u00f6idyll\u00e4 on oikeus vastustaa h\u00e4nt\u00e4 koskevien henkil\u00f6tietojen k\u00e4sittely\u00e4, vaatia tietojensa k\u00e4sittelyn rajoittamista sek\u00e4 tehd\u00e4 valitus tietosuoja-asioiden<br \/>valvontaviranomaiselle.<\/p>\n<p>Kuopiossa 10.2.2025<\/p>\t\t\t\t\t\t\t\t<\/div>\n\t\t\t\t<\/div>\n\t\t\t\t\t<\/div>\n\t\t\t\t<\/div>\n\t\t\t\t<\/div>\n\t\t","protected":false},"excerpt":{"rendered":"<p>Rekisteri ja tietosuojaseloste KALLAVEDEN FYSIOTERAPIA T\u00e4m\u00e4 on henkil\u00f6tietolain (523\/1999) 10 pyk\u00e4l\u00e4n ja 24 pyk\u00e4l\u00e4n sek\u00e4 EU:n yleisen tietosuoja-asetuksen (GDPR) mukainen yhdistettu rekisteriseloste sek\u00e4 tiedote tietosuojan toteuttamisesta Kallaveden Fysioterapian asiakkaille. 1. Rekisterinpit\u00e4j\u00e4, Y-tunnus ja yhteystiedot Kallaveden FysioterapiaY: 2331181-3Mika JaakkolaPuh. 045 6398738 K\u00e4yntiosoite:Sorvarinkatu 12A1170100 Kuopio Postiosoite:Eerikkalantie 16372210 Tervo 2. Yhteyshenkil\u00f6 rekisteriasioissa ja yhteystiedot Mika JaakkolaEerikkalantie 16372210 TervoPuh. [&hellip;]<\/p>\n","protected":false},"author":1,"featured_media":0,"parent":0,"menu_order":0,"comment_status":"closed","ping_status":"open","template":"","meta":{"footnotes":""},"class_list":["post-3","page","type-page","status-publish","hentry"],"_links":{"self":[{"href":"https:\/\/www.kallavedenfysioterapia.fi\/index.php?rest_route=\/wp\/v2\/pages\/3","targetHints":{"allow":["GET"]}}],"collection":[{"href":"https:\/\/www.kallavedenfysioterapia.fi\/index.php?rest_route=\/wp\/v2\/pages"}],"about":[{"href":"https:\/\/www.kallavedenfysioterapia.fi\/index.php?rest_route=\/wp\/v2\/types\/page"}],"author":[{"embeddable":true,"href":"https:\/\/www.kallavedenfysioterapia.fi\/index.php?rest_route=\/wp\/v2\/users\/1"}],"replies":[{"embeddable":true,"href":"https:\/\/www.kallavedenfysioterapia.fi\/index.php?rest_route=%2Fwp%2Fv2%2Fcomments&post=3"}],"version-history":[{"count":3,"href":"https:\/\/www.kallavedenfysioterapia.fi\/index.php?rest_route=\/wp\/v2\/pages\/3\/revisions"}],"predecessor-version":[{"id":255,"href":"https:\/\/www.kallavedenfysioterapia.fi\/index.php?rest_route=\/wp\/v2\/pages\/3\/revisions\/255"}],"wp:attachment":[{"href":"https:\/\/www.kallavedenfysioterapia.fi\/index.php?rest_route=%2Fwp%2Fv2%2Fmedia&parent=3"}],"curies":[{"name":"wp","href":"https:\/\/api.w.org\/{rel}","templated":true}]}}